{"id":1797,"date":"2023-12-15T10:16:28","date_gmt":"2023-12-15T09:16:28","guid":{"rendered":"https:\/\/137notaires.eliott-markus.cloud\/les-associes\/"},"modified":"2024-04-17T18:54:31","modified_gmt":"2024-04-17T16:54:31","slug":"partners","status":"publish","type":"page","link":"https:\/\/137notaires.com\/en\/partners\/","title":{"rendered":"Partners"},"content":{"rendered":"","protected":false},"excerpt":{"rendered":"","protected":false},"author":1,"featured_media":0,"parent":0,"menu_order":19,"comment_status":"closed","ping_status":"closed","template":"pages\/associes.php","meta":{"_acf_changed":false,"footnotes":""},"class_list":["post-1797","page","type-page","status-publish","hentry"],"acf":[],"yoast_head":"<!-- This site is optimized with the Yoast SEO plugin v27.3 - https:\/\/yoast.com\/product\/yoast-seo-wordpress\/ -->\n<title>Les associ\u00e9s - 137 Notaires<\/title>\n<meta name=\"description\" content=\"Laurent Lemetti, Jean-Baptiste Ferrand, Thibaut Egasse, Chantal Lavisse, R\u00e9mi Canales, St\u00e9phane Adler, Romain Ma\u00eetre, Jean-Marie Guibert, Mathieu Simon, Dominique Charles Bonnart, Me Bonsergent\" \/>\n<meta name=\"robots\" content=\"index, follow, max-snippet:-1, max-image-preview:large, max-video-preview:-1\" \/>\n<link rel=\"canonical\" href=\"https:\/\/137notaires.com\/en\/partners\/\" \/>\n<meta property=\"og:locale\" content=\"en_US\" \/>\n<meta property=\"og:type\" content=\"article\" \/>\n<meta property=\"og:title\" content=\"Les associ\u00e9s - 137 Notaires\" \/>\n<meta property=\"og:description\" content=\"Laurent Lemetti, Jean-Baptiste Ferrand, Thibaut Egasse, Chantal Lavisse, R\u00e9mi Canales, St\u00e9phane Adler, Romain Ma\u00eetre, Jean-Marie Guibert, Mathieu Simon, Dominique Charles Bonnart, Me Bonsergent\" \/>\n<meta property=\"og:url\" content=\"https:\/\/137notaires.com\/en\/partners\/\" \/>\n<meta property=\"og:site_name\" content=\"137 notaires\" \/>\n<meta property=\"article:modified_time\" content=\"2024-04-17T16:54:31+00:00\" \/>\n<meta name=\"twitter:card\" content=\"summary_large_image\" \/>\n<script type=\"application\/ld+json\" class=\"yoast-schema-graph\">{\"@context\":\"https:\\\/\\\/schema.org\",\"@graph\":[{\"@type\":\"WebPage\",\"@id\":\"https:\\\/\\\/137notaires.com\\\/en\\\/partners\\\/\",\"url\":\"https:\\\/\\\/137notaires.com\\\/en\\\/partners\\\/\",\"name\":\"Les associ\u00e9s - 137 Notaires\",\"isPartOf\":{\"@id\":\"https:\\\/\\\/137notaires.com\\\/#website\"},\"datePublished\":\"2023-12-15T09:16:28+00:00\",\"dateModified\":\"2024-04-17T16:54:31+00:00\",\"description\":\"Laurent Lemetti, Jean-Baptiste Ferrand, Thibaut Egasse, Chantal Lavisse, R\u00e9mi Canales, St\u00e9phane Adler, Romain Ma\u00eetre, Jean-Marie Guibert, Mathieu Simon, Dominique Charles Bonnart, Me Bonsergent\",\"breadcrumb\":{\"@id\":\"https:\\\/\\\/137notaires.com\\\/en\\\/partners\\\/#breadcrumb\"},\"inLanguage\":\"en-US\",\"potentialAction\":[{\"@type\":\"ReadAction\",\"target\":[\"https:\\\/\\\/137notaires.com\\\/en\\\/partners\\\/\"]}]},{\"@type\":\"BreadcrumbList\",\"@id\":\"https:\\\/\\\/137notaires.com\\\/en\\\/partners\\\/#breadcrumb\",\"itemListElement\":[{\"@type\":\"ListItem\",\"position\":1,\"name\":\"Accueil\",\"item\":\"https:\\\/\\\/137notaires.com\\\/en\\\/\"},{\"@type\":\"ListItem\",\"position\":2,\"name\":\"Partners\"}]},{\"@type\":\"WebSite\",\"@id\":\"https:\\\/\\\/137notaires.com\\\/#website\",\"url\":\"https:\\\/\\\/137notaires.com\\\/\",\"name\":\"137 notaires\",\"description\":\"\",\"potentialAction\":[{\"@type\":\"SearchAction\",\"target\":{\"@type\":\"EntryPoint\",\"urlTemplate\":\"https:\\\/\\\/137notaires.com\\\/?s={search_term_string}\"},\"query-input\":{\"@type\":\"PropertyValueSpecification\",\"valueRequired\":true,\"valueName\":\"search_term_string\"}}],\"inLanguage\":\"en-US\"}]}<\/script>\n<!-- \/ Yoast SEO plugin. -->","yoast_head_json":{"title":"Les associ\u00e9s - 137 Notaires","description":"Laurent Lemetti, Jean-Baptiste Ferrand, Thibaut Egasse, Chantal Lavisse, R\u00e9mi Canales, St\u00e9phane Adler, Romain Ma\u00eetre, Jean-Marie Guibert, Mathieu Simon, Dominique Charles Bonnart, Me Bonsergent","robots":{"index":"index","follow":"follow","max-snippet":"max-snippet:-1","max-image-preview":"max-image-preview:large","max-video-preview":"max-video-preview:-1"},"canonical":"https:\/\/137notaires.com\/en\/partners\/","og_locale":"en_US","og_type":"article","og_title":"Les associ\u00e9s - 137 Notaires","og_description":"Laurent Lemetti, Jean-Baptiste Ferrand, Thibaut Egasse, Chantal Lavisse, R\u00e9mi Canales, St\u00e9phane Adler, Romain Ma\u00eetre, Jean-Marie Guibert, Mathieu Simon, Dominique Charles Bonnart, Me Bonsergent","og_url":"https:\/\/137notaires.com\/en\/partners\/","og_site_name":"137 notaires","article_modified_time":"2024-04-17T16:54:31+00:00","twitter_card":"summary_large_image","schema":{"@context":"https:\/\/schema.org","@graph":[{"@type":"WebPage","@id":"https:\/\/137notaires.com\/en\/partners\/","url":"https:\/\/137notaires.com\/en\/partners\/","name":"Les associ\u00e9s - 137 Notaires","isPartOf":{"@id":"https:\/\/137notaires.com\/#website"},"datePublished":"2023-12-15T09:16:28+00:00","dateModified":"2024-04-17T16:54:31+00:00","description":"Laurent Lemetti, Jean-Baptiste Ferrand, Thibaut Egasse, Chantal Lavisse, R\u00e9mi Canales, St\u00e9phane Adler, Romain Ma\u00eetre, Jean-Marie Guibert, Mathieu Simon, Dominique Charles Bonnart, Me Bonsergent","breadcrumb":{"@id":"https:\/\/137notaires.com\/en\/partners\/#breadcrumb"},"inLanguage":"en-US","potentialAction":[{"@type":"ReadAction","target":["https:\/\/137notaires.com\/en\/partners\/"]}]},{"@type":"BreadcrumbList","@id":"https:\/\/137notaires.com\/en\/partners\/#breadcrumb","itemListElement":[{"@type":"ListItem","position":1,"name":"Accueil","item":"https:\/\/137notaires.com\/en\/"},{"@type":"ListItem","position":2,"name":"Partners"}]},{"@type":"WebSite","@id":"https:\/\/137notaires.com\/#website","url":"https:\/\/137notaires.com\/","name":"137 notaires","description":"","potentialAction":[{"@type":"SearchAction","target":{"@type":"EntryPoint","urlTemplate":"https:\/\/137notaires.com\/?s={search_term_string}"},"query-input":{"@type":"PropertyValueSpecification","valueRequired":true,"valueName":"search_term_string"}}],"inLanguage":"en-US"}]}},"_links":{"self":[{"href":"https:\/\/137notaires.com\/en\/wp-json\/wp\/v2\/pages\/1797","targetHints":{"allow":["GET"]}}],"collection":[{"href":"https:\/\/137notaires.com\/en\/wp-json\/wp\/v2\/pages"}],"about":[{"href":"https:\/\/137notaires.com\/en\/wp-json\/wp\/v2\/types\/page"}],"author":[{"embeddable":true,"href":"https:\/\/137notaires.com\/en\/wp-json\/wp\/v2\/users\/1"}],"replies":[{"embeddable":true,"href":"https:\/\/137notaires.com\/en\/wp-json\/wp\/v2\/comments?post=1797"}],"version-history":[{"count":6,"href":"https:\/\/137notaires.com\/en\/wp-json\/wp\/v2\/pages\/1797\/revisions"}],"predecessor-version":[{"id":2013,"href":"https:\/\/137notaires.com\/en\/wp-json\/wp\/v2\/pages\/1797\/revisions\/2013"}],"wp:attachment":[{"href":"https:\/\/137notaires.com\/en\/wp-json\/wp\/v2\/media?parent=1797"}],"curies":[{"name":"wp","href":"https:\/\/api.w.org\/{rel}","templated":true}]}}