{"id":1792,"date":"2023-12-18T18:44:07","date_gmt":"2023-12-18T17:44:07","guid":{"rendered":"https:\/\/137notaires.eliott-markus.cloud\/mentions-legales\/"},"modified":"2026-04-20T12:23:59","modified_gmt":"2026-04-20T10:23:59","slug":"legal-notice","status":"publish","type":"page","link":"https:\/\/137notaires.com\/en\/legal-notice\/","title":{"rendered":"LEGAL NOTICE"},"content":{"rendered":"\n<h2 class=\"wp-block-heading\">I &#8211; INFORMATION SHEET ON THE 137 NOTARY NOTARIAL OFFICE (article L. 111-2 of the French Consumer Code)<\/h2>\n\n\n\n<h3 class=\"wp-block-heading\">1\/ IDENTIFICATION AND CONTACT DETAILS OF THE NOTARIAL OFFICE<\/h3>\n\n\n\n<p>Name of the office: 137 Notaires<\/p>\n\n\n\n<p>Legal form: SARL (Limited Liability Company)<\/p>\n\n\n\n<p>Company registration number: 383 208 337 RCS PARIS<\/p>\n\n\n\n<p>VAT identification number: FR35383208337<\/p>\n\n\n\n<p>Address : 137 rue de l&#8217;Universit\u00e9 &#8211; 75007 PARIS &#8211; FRANCE<\/p>\n\n\n\n<p>Telephone: +33 (0)1 88 400 400<\/p>\n\n\n\n<p>Fax: +33 (0)1 44 11 31 40<\/p>\n\n\n\n<p>E-mail address: <strong>contact@137.notaires.fr<\/strong><\/p>\n\n\n\n<p>Website: <strong><a href=\"http:\/\/www.137notaires.com\">www.137notaires.com<\/a><\/strong><\/p>\n\n\n\n<h3 class=\"wp-block-heading\">2\/ INFORMATION REGARDING THE NOTARIES PRACTISING AT THE OFFICE<\/h3>\n\n\n\n<ul class=\"wp-block-list\">\n<li>Ma\u00eetre Dominique Charles BONNART, partner notary<\/li>\n\n\n\n<li>Ma\u00eetre Chantal LAVISSE, partner notary<\/li>\n\n\n\n<li>Ma\u00eetre St\u00e9phane ADLER, partner notary<\/li>\n\n\n\n<li>Ma\u00eetre Thibaut EGASSE, partner notary<\/li>\n\n\n\n<li>Ma\u00eetre R\u00e9mi CANALES, partner notary<\/li>\n\n\n\n<li>Ma\u00eetre Laurent LEMETTI, partner notary<\/li>\n\n\n\n<li>Ma\u00eetre Jean-Baptiste FERRAND, partner notary<\/li>\n\n\n\n<li>Ma\u00eetre Romain MAITRE, partner notary<\/li>\n\n\n\n<li>Ma\u00eetre Jean-Marie GUIBERT, partner notary<\/li>\n\n\n\n<li>Ma\u00eetre Mathieu SIMON, partner notary<\/li>\n\n\n\n<li>Ma\u00eetre Alice BORDERIE, partner notary<\/li>\n\n\n\n<li>Ma\u00eetre Emilie FINOT, partner notary<\/li>\n<\/ul>\n\n\n\n<p>The title of notary was conferred on each of them by order of the Minister of Justice (<em>Garde des Sceaux<\/em>) (13 place Vend\u00f4me, Paris), which can be consulted in the <em>Journal officiel de la R\u00e9publique Fran\u00e7aise<\/em>&nbsp;(www.legifrance.gouv.fr).<\/p>\n\n\n\n<p>Each of them is registered on the roll of notaries of <em>the Chambre interd\u00e9partementale des notaires de Paris<\/em>&nbsp;&#8211; 12, Avenue Victoria &#8211; 75001 Paris.<\/p>\n\n\n\n<h3 class=\"wp-block-heading\">3\/ INSURANCE AND FINANCIAL GUARANTEE<\/h3>\n\n\n\n<p>The professional activity of each notary of the office is covered by civil liability insurance taken out with Mutuelle du Mans Assurances (liberal professions department &#8211; 14, Boulevard Marie et Alexandre Oyon &#8211; 72030 Le Mans Cedex 9) up to a limit of 100 million euros per claim and without geographical limitation and, beyond that, by the Caisse r\u00e9gionale de garantie des notaires &#8211; Paris 1 (12 avenue Victoria, 75001 Paris).<\/p>\n\n\n\n<p>Information regarding the MMA insurance contract may be obtained from the La S\u00e9curit\u00e9 Nouvelle broker &#8211; 81, Rue Taitbout &#8211; 75009 Paris &#8211; Tel: 01 53 20 50 50.<\/p>\n\n\n\n<h3 class=\"wp-block-heading\">4\/ CLAIMS AGAINST A NOTARY \/ MEDIATION<\/h3>\n\n\n\n<p>In the event of a complaint against a notary of the office which has not been resolved by the latter, or a claim for compensation, the complaint should be made in writing to the <em>Chambre interd\u00e9partementale des notaires de Paris<\/em>, <em>service des r\u00e9clamations<\/em>, 12 avenue Victoria, 75001 Paris, enclosing a detailed note and a copy of the documents needed to clarify the problem (article 4-4\u00b0 of order no. 45-2590 of 2 November 1945).<\/p>\n\n\n\n<p>In the event of an unresolved dispute with a notary, you may contact the M\u00e9diateur du notariat at the following address: mediateur-notariat.notaires.fr in order to try, with his help, to find an amicable resolution to the conflict. Art. L .616-1 and R .616-1 of the French Consumer Code. Failure to comply with this obligation is punishable by an administrative fine of \u20ac3,000 if the notary practises on an individual basis and \u20ac15,000 if the notary practises in a company.<\/p>\n\n\n\n<h3 class=\"wp-block-heading\">5\/ APPLICABLE PROFESSIONAL RULES<\/h3>\n\n\n\n<p>Notarial activity is governed primarily by Order no. 45-2590 of 2 November 1945, Decree no. 45-0117 of 19 December 1945, Decree no. 71-941 of 26 November 1971, Decree no. 71-942 of 26 November 1971, Decree no. 73-1202 of 28 December 1973, Decree no. 78-262 of 8 April 1978, the <em>R\u00e8glement national des notaires<\/em>, the <em>R\u00e8glement inter-cours des notaires<\/em>, and the <em>R\u00e8glement des notaires de la Compagnie de Paris<\/em>.<\/p>\n\n\n\n<p>These texts can be consulted in French on the website of the Chambre des notaires de Paris, under the heading \u201c<em>textes sur le notariat<\/em>\u201d (www.paris.notaires.fr).<\/p>\n\n\n\n<h2 class=\"wp-block-heading\">II &#8211; HOSTING<\/h2>\n\n\n\n<p>In accordance with French law no. 2004-575 of 21 June 2004 on confidence in the digital economy (<em>confiance dans l\u2019\u00e9conomie num\u00e9rique<\/em>), we hereby inform you that the website <strong><a href=\"http:\/\/www.137notaires.com\">www.137notaires.com<\/a><\/strong> is the property of 137 Notaires.<\/p>\n\n\n\n<p>The <strong><a href=\"http:\/\/www.137notaires.com\">www.137notaires.com<\/a><\/strong> website was designed by the All Contents agency, located at 29 rue de Saint-P\u00e9tersbourg &#8211; Paris VIII.<\/p>\n\n\n\n<p>It is hosted by OVH, the registered office of which is located at 2 rue Kellermann &#8211; 59100 Roubaix.<\/p>\n\n\n\n<p>It is maintained and operated by Agence Nota, the registered office of which is located 5 promenade Venezia &#8211; 78000 Versailles.<\/p>\n\n\n\n<p>The <strong><a href=\"http:\/\/www.137notaires.com\">www.137notaires.com<\/a><\/strong> website is governed by French law; visitors accessing the site from abroad must ensure that they comply with locally applicable laws.<\/p>\n\n\n\n<p>As the legal notices may be modified at any time and without prior notice, please consult them regularly.<\/p>\n\n\n\n<h2 class=\"wp-block-heading\">III &#8211; INTELLECTUAL PROPERTY<\/h2>\n\n\n\n<p>137 Notaires holds, reserves, and retains all property rights, in particular intellectual property rights, including reproduction rights on this site and the elements it contains. Consequently, and in particular, any partial or total reproduction of this site and the elements it contains is strictly forbidden without the written authorisation of 137 Notaires.<\/p>\n\n\n\n<p>All logos and other distinctive signs contained on this site are the property of 137 Notaires or are subject to authorisation for use. No right or licence may be attributed to any of these elements without the written authorisation of 137 Notaires or the third party holding the rights.<\/p>\n\n\n\n<h2 class=\"wp-block-heading\">IV &#8211; EXCLUSION OF WARRANTY AND LIABILITY<\/h2>\n\n\n\n<p>Users of the website \u201c<strong><a href=\"http:\/\/www.137notaires.com\">www.137notaires.com<\/a><\/strong>\u201d acknowledge that they have read these conditions of use of the site and undertake to comply with them.<\/p>\n\n\n\n<p>137 Notaires may not be held liable for any direct or indirect damage that may result from access to or use of the site and\/or this information, including inaccessibility, loss of data, deterioration, destruction, or viruses that may affect the user&#8217;s computer equipment and\/or the presence of viruses on its site.<\/p>\n\n\n\n<p>Although 137 Notaires strives to provide reliable content on its site, it does not guarantee that its content is free from inaccuracies or omissions and cannot be held responsible for errors or omissions, or for a lack of availability of information and services. 137 Notaires reserves the right to make improvements and\/or changes to the content of its site at any time and without prior notice. Consequently, users acknowledge that they use this information under their sole responsibility.<\/p>\n\n\n\n<h2 class=\"wp-block-heading\">V &#8211; LINKS TO OTHER SITES<\/h2>\n\n\n\n<p>The site may include links to other sites or other Internet sources. Insofar as 137 Notaires cannot control these external sites and sources, 137 Notaires cannot be held responsible for the availability of these external sites and sources, and therefore declines all responsibility for the content, advertising, products, services, or any other material available on or from these external sites or sources. These links are provided to users of the <strong><a href=\"http:\/\/www.137notaires.com\">www.137notaires.com<\/a><\/strong> website as a service. The decision to activate the links is yours alone. We remind you that non-affiliated sites are subject to their own conditions of use.<\/p>\n\n\n\n<h2 class=\"wp-block-heading\">VI &#8211; COOKIES<\/h2>\n\n\n\n<p>During your visits, you are informed that a cookie may be automatically installed on your browser. A cookie is a block of data that is not used for identification purposes but is used to record information about your browsing on the site. It is used to analyse visitor numbers, measure audience figures, etc. in order to improve the quality of the site.<\/p>\n\n\n\n<p>You can deactivate cookies by following the instructions below:<\/p>\n\n\n\n<h3 class=\"wp-block-heading\">1\/ EDGE<\/h3>\n\n\n\n<p>In Edge, click on the \u201cTools\u201d button, then on \u201cInternet Options\u201d.<\/p>\n\n\n\n<p>On the General tab, under \u201cBrowsing History\u201d, click on \u201cSettings\u201d.<\/p>\n\n\n\n<p>Click on the \u201cView files\u201d button.<\/p>\n\n\n\n<p>Click on the column heading \u201cName to sort all files alphabetically\u201d, then scroll through the list until you see files starting with the prefix \u201cCookie\u201d (all cookies have this prefix and usually contain the name of the website that created the cookie).<\/p>\n\n\n\n<p>Select the cookie(s) containing the name \u201c137 Notaires\u201d and delete them.<\/p>\n\n\n\n<p>Close the window containing the list of files, then click \u201cOK\u201d twice to return to Edge.<\/p>\n\n\n\n<h3 class=\"wp-block-heading\">2\/ FIREFOX<\/h3>\n\n\n\n<p>Go to the \u201cTools\u201d tab on your browser and select the \u201cOptions\u201d menu.<\/p>\n\n\n\n<p>In the window that appears, select \u201cPrivacy &amp; Security\u201d, and click on \u201cShow cookies\u201d<\/p>\n\n\n\n<p>Locate the files containing the name \u201c137 Notaires\u201d.<\/p>\n\n\n\n<p>Select them and delete them.<\/p>\n\n\n\n<h3 class=\"wp-block-heading\">3\/ SAFARI<\/h3>\n\n\n\n<p>In your browser, select the \u201cPreferences\u201d menu. Click on \u201cSecurity\u201d.<\/p>\n\n\n\n<p>Click on \u201cShow cookies\u201d.<\/p>\n\n\n\n<p>Select the cookies containing the name \u201c137 Notaires\u201d and click on \u201cDelete\u201d or \u201cDelete All\u201d.<\/p>\n\n\n\n<p>Once you have deleted the cookies, click on \u201cOK\u201d.<\/p>\n\n\n\n<h3 class=\"wp-block-heading\">4\/ GOOGLE CHROME<\/h3>\n\n\n\n<p>Click on the \u201cTools\u201d menu icon.<\/p>\n\n\n\n<p>Select \u201cOptions\u201d.<\/p>\n\n\n\n<p>Click on the \u201cAdvanced Options\u201d tab and go to the \u201cConfidentiality\u201d section.<\/p>\n\n\n\n<p>Click on the \u201cShow cookies\u201d button. Locate the files containing the name \u201c137 Notaires\u201d.<\/p>\n\n\n\n<p>Select them and delete them.<\/p>\n\n\n\n<p>Click on \u201cClose\u201d to return to your browser.<\/p>\n\n\n\n<p>If you refuse cookies, certain services will no longer be accessible. You have the right to access, rectify or delete your personal data communicated by means of a \u201ccookie\u201d under the conditions indicated in the \u201cInformation technology and civil liberties\u201d (<em>Informatique et libert\u00e9s<\/em>) paragraph.<\/p>\n","protected":false},"excerpt":{"rendered":"<p>I &#8211; INFORMATION SHEET ON THE 137 NOTARY NOTARIAL OFFICE (article L. 111-2 of the French Consumer Code) 1\/ IDENTIFICATION AND CONTACT DETAILS OF THE NOTARIAL OFFICE Name of the office: 137 Notaires Legal form: SARL (Limited Liability Company) Company registration number: 383 208 337 RCS PARIS VAT identification number: FR35383208337 Address : 137 rue [&hellip;]<\/p>\n","protected":false},"author":1,"featured_media":0,"parent":0,"menu_order":9,"comment_status":"closed","ping_status":"closed","template":"pages\/privacy.php","meta":{"_acf_changed":false,"footnotes":""},"class_list":["post-1792","page","type-page","status-publish","hentry"],"acf":[],"yoast_head":"<!-- This site is optimized with the Yoast SEO plugin v27.3 - https:\/\/yoast.com\/product\/yoast-seo-wordpress\/ -->\n<title>LEGAL NOTICE - 137 notaires<\/title>\n<meta name=\"description\" content=\"I \u2013 \u00a0FICHE D\u2019INFORMATION SUR L\u2019OFFICE NOTARIAL 137 NOTAIRES (article L. 111-2 du Code de la consommation) 1\/ IDENTIFICATION ET COORDONN\u00c9ES DE L\u2019OFFICE NOTARIAL\" \/>\n<meta name=\"robots\" content=\"noindex, nofollow\" \/>\n<meta property=\"og:locale\" content=\"en_US\" \/>\n<meta property=\"og:type\" content=\"article\" \/>\n<meta property=\"og:title\" content=\"LEGAL NOTICE - 137 notaires\" \/>\n<meta property=\"og:description\" content=\"I \u2013 \u00a0FICHE D\u2019INFORMATION SUR L\u2019OFFICE NOTARIAL 137 NOTAIRES (article L. 111-2 du Code de la consommation) 1\/ IDENTIFICATION ET COORDONN\u00c9ES DE L\u2019OFFICE NOTARIAL\" \/>\n<meta property=\"og:url\" content=\"https:\/\/137notaires.com\/en\/legal-notice\/\" \/>\n<meta property=\"og:site_name\" content=\"137 notaires\" \/>\n<meta property=\"article:modified_time\" content=\"2026-04-20T10:23:59+00:00\" \/>\n<meta name=\"twitter:card\" content=\"summary_large_image\" \/>\n<meta name=\"twitter:label1\" content=\"Est. reading time\" \/>\n\t<meta name=\"twitter:data1\" content=\"8 minutes\" \/>\n<script type=\"application\/ld+json\" class=\"yoast-schema-graph\">{\"@context\":\"https:\\\/\\\/schema.org\",\"@graph\":[{\"@type\":\"WebPage\",\"@id\":\"https:\\\/\\\/137notaires.com\\\/en\\\/legal-notice\\\/\",\"url\":\"https:\\\/\\\/137notaires.com\\\/en\\\/legal-notice\\\/\",\"name\":\"LEGAL NOTICE - 137 notaires\",\"isPartOf\":{\"@id\":\"https:\\\/\\\/137notaires.com\\\/#website\"},\"datePublished\":\"2023-12-18T17:44:07+00:00\",\"dateModified\":\"2026-04-20T10:23:59+00:00\",\"description\":\"I \u2013 \u00a0FICHE D\u2019INFORMATION SUR L\u2019OFFICE NOTARIAL 137 NOTAIRES (article L. 111-2 du Code de la consommation) 1\\\/ IDENTIFICATION ET COORDONN\u00c9ES DE L\u2019OFFICE NOTARIAL\",\"breadcrumb\":{\"@id\":\"https:\\\/\\\/137notaires.com\\\/en\\\/legal-notice\\\/#breadcrumb\"},\"inLanguage\":\"en-US\",\"potentialAction\":[{\"@type\":\"ReadAction\",\"target\":[\"https:\\\/\\\/137notaires.com\\\/en\\\/legal-notice\\\/\"]}]},{\"@type\":\"BreadcrumbList\",\"@id\":\"https:\\\/\\\/137notaires.com\\\/en\\\/legal-notice\\\/#breadcrumb\",\"itemListElement\":[{\"@type\":\"ListItem\",\"position\":1,\"name\":\"Accueil\",\"item\":\"https:\\\/\\\/137notaires.com\\\/en\\\/\"},{\"@type\":\"ListItem\",\"position\":2,\"name\":\"LEGAL NOTICE\"}]},{\"@type\":\"WebSite\",\"@id\":\"https:\\\/\\\/137notaires.com\\\/#website\",\"url\":\"https:\\\/\\\/137notaires.com\\\/\",\"name\":\"137 notaires\",\"description\":\"\",\"potentialAction\":[{\"@type\":\"SearchAction\",\"target\":{\"@type\":\"EntryPoint\",\"urlTemplate\":\"https:\\\/\\\/137notaires.com\\\/?s={search_term_string}\"},\"query-input\":{\"@type\":\"PropertyValueSpecification\",\"valueRequired\":true,\"valueName\":\"search_term_string\"}}],\"inLanguage\":\"en-US\"}]}<\/script>\n<!-- \/ Yoast SEO plugin. -->","yoast_head_json":{"title":"LEGAL NOTICE - 137 notaires","description":"I \u2013 \u00a0FICHE D\u2019INFORMATION SUR L\u2019OFFICE NOTARIAL 137 NOTAIRES (article L. 111-2 du Code de la consommation) 1\/ IDENTIFICATION ET COORDONN\u00c9ES DE L\u2019OFFICE NOTARIAL","robots":{"index":"noindex","follow":"nofollow"},"og_locale":"en_US","og_type":"article","og_title":"LEGAL NOTICE - 137 notaires","og_description":"I \u2013 \u00a0FICHE D\u2019INFORMATION SUR L\u2019OFFICE NOTARIAL 137 NOTAIRES (article L. 111-2 du Code de la consommation) 1\/ IDENTIFICATION ET COORDONN\u00c9ES DE L\u2019OFFICE NOTARIAL","og_url":"https:\/\/137notaires.com\/en\/legal-notice\/","og_site_name":"137 notaires","article_modified_time":"2026-04-20T10:23:59+00:00","twitter_card":"summary_large_image","twitter_misc":{"Est. reading time":"8 minutes"},"schema":{"@context":"https:\/\/schema.org","@graph":[{"@type":"WebPage","@id":"https:\/\/137notaires.com\/en\/legal-notice\/","url":"https:\/\/137notaires.com\/en\/legal-notice\/","name":"LEGAL NOTICE - 137 notaires","isPartOf":{"@id":"https:\/\/137notaires.com\/#website"},"datePublished":"2023-12-18T17:44:07+00:00","dateModified":"2026-04-20T10:23:59+00:00","description":"I \u2013 \u00a0FICHE D\u2019INFORMATION SUR L\u2019OFFICE NOTARIAL 137 NOTAIRES (article L. 111-2 du Code de la consommation) 1\/ IDENTIFICATION ET COORDONN\u00c9ES DE L\u2019OFFICE NOTARIAL","breadcrumb":{"@id":"https:\/\/137notaires.com\/en\/legal-notice\/#breadcrumb"},"inLanguage":"en-US","potentialAction":[{"@type":"ReadAction","target":["https:\/\/137notaires.com\/en\/legal-notice\/"]}]},{"@type":"BreadcrumbList","@id":"https:\/\/137notaires.com\/en\/legal-notice\/#breadcrumb","itemListElement":[{"@type":"ListItem","position":1,"name":"Accueil","item":"https:\/\/137notaires.com\/en\/"},{"@type":"ListItem","position":2,"name":"LEGAL NOTICE"}]},{"@type":"WebSite","@id":"https:\/\/137notaires.com\/#website","url":"https:\/\/137notaires.com\/","name":"137 notaires","description":"","potentialAction":[{"@type":"SearchAction","target":{"@type":"EntryPoint","urlTemplate":"https:\/\/137notaires.com\/?s={search_term_string}"},"query-input":{"@type":"PropertyValueSpecification","valueRequired":true,"valueName":"search_term_string"}}],"inLanguage":"en-US"}]}},"_links":{"self":[{"href":"https:\/\/137notaires.com\/en\/wp-json\/wp\/v2\/pages\/1792","targetHints":{"allow":["GET"]}}],"collection":[{"href":"https:\/\/137notaires.com\/en\/wp-json\/wp\/v2\/pages"}],"about":[{"href":"https:\/\/137notaires.com\/en\/wp-json\/wp\/v2\/types\/page"}],"author":[{"embeddable":true,"href":"https:\/\/137notaires.com\/en\/wp-json\/wp\/v2\/users\/1"}],"replies":[{"embeddable":true,"href":"https:\/\/137notaires.com\/en\/wp-json\/wp\/v2\/comments?post=1792"}],"version-history":[{"count":7,"href":"https:\/\/137notaires.com\/en\/wp-json\/wp\/v2\/pages\/1792\/revisions"}],"predecessor-version":[{"id":2083,"href":"https:\/\/137notaires.com\/en\/wp-json\/wp\/v2\/pages\/1792\/revisions\/2083"}],"wp:attachment":[{"href":"https:\/\/137notaires.com\/en\/wp-json\/wp\/v2\/media?parent=1792"}],"curies":[{"name":"wp","href":"https:\/\/api.w.org\/{rel}","templated":true}]}}