{"id":1789,"date":"2024-03-27T15:06:00","date_gmt":"2024-03-27T14:06:00","guid":{"rendered":"https:\/\/137notaires.eliott-markus.cloud\/politiques-de-confidentialite\/"},"modified":"2026-04-20T12:23:30","modified_gmt":"2026-04-20T10:23:30","slug":"politiques-de-confidentialite","status":"publish","type":"page","link":"https:\/\/137notaires.com\/en\/politiques-de-confidentialite\/","title":{"rendered":"La politique de confidentialit\u00e9"},"content":{"rendered":"\n<p>137\u00a0Notaires s\u2019engage \u00e0 ce que la collecte et le traitement des donn\u00e9es personnelles, effectu\u00e9s \u00e0 partir du site soient conformes au R\u00e8glement G\u00e9n\u00e9ral sur la Protection des Donn\u00e9es (RGPD) et \u00e0 la loi Informatique et Libert\u00e9s.<\/p>\n\n\n\n<p>137 Notaires est susceptible de traiter tout ou partie des donn\u00e9es :<\/p>\n\n\n\n<ul class=\"wp-block-list\">\n<li>pour permettre la navigation sur le Site et la gestion et la tra\u00e7abilit\u00e9 des prestations et services command\u00e9s par l\u2019utilisateur : donn\u00e9es de connexion et d\u2019utilisation du Site, facturation, historique des commandes, etc.<\/li>\n\n\n\n<li>pour am\u00e9liorer la navigation sur le Site : donn\u00e9es de connexion et d\u2019utilisation.<\/li>\n<\/ul>\n\n\n\n<h2 class=\"wp-block-heading\">Droit d\u2019acc\u00e8s, de rectification et d\u2019opposition :<br>Conform\u00e9ment \u00e0 la r\u00e8glementation en vigueur, vous disposez des droits suivants :<\/h2>\n\n\n\n<ul class=\"wp-block-list\">\n<li>droit d\u2019acc\u00e8s (article 15 RGPD) et de rectification (article 16 RGPD), de mise \u00e0 jour, de compl\u00e9tude des donn\u00e9es des Utilisateurs droit de verrouillage ou d\u2019effacement des donn\u00e9es des Utilisateurs \u00e0 caract\u00e8re personnel (article 17 du RGPD), lorsqu\u2019elles sont inexactes, incompl\u00e8tes, \u00e9quivoques, p\u00e9rim\u00e9es, ou dont la collecte, l\u2019utilisation, la communication ou la conservation est interdite.<\/li>\n\n\n\n<li>droit de retirer \u00e0 tout moment un consentement (article 13-2c RGPD).<\/li>\n\n\n\n<li>droit \u00e0 la limitation du traitement des donn\u00e9es des Utilisateurs (article 18 RGPD).<\/li>\n\n\n\n<li>droit d\u2019opposition au traitement des donn\u00e9es des Utilisateurs (article 21 RGPD).<\/li>\n\n\n\n<li>droit \u00e0 la portabilit\u00e9 des donn\u00e9es que les Utilisateurs auront fournies, lorsque ces donn\u00e9es font l\u2019objet de traitements automatis\u00e9s fond\u00e9s sur leur consentement ou sur un contrat (article 20 RGPD).<\/li>\n\n\n\n<li>droit de d\u00e9finir le sort des donn\u00e9es des Utilisateurs apr\u00e8s leur mort et de choisir \u00e0 qui 137 Notaires devra communiquer (ou non) ses donn\u00e9es \u00e0 un tiers qu\u2019ils aura pr\u00e9alablement d\u00e9sign\u00e9.<\/li>\n<\/ul>\n\n\n\n<h2 class=\"wp-block-heading\">Nous contacter<\/h2>\n\n\n\n<p>Vous pouvez exercer les droits dont vous disposez&nbsp;soit en envoyant un e-mail \u00e0&nbsp;cil@notaires.fr&nbsp;ou en adressant un courrier postal \u00e0 l\u2019adresse suivante&nbsp;:<br>Groupe ADSN \u2013 Protection des Donn\u00e9es \u2013 95 avenue des logissons, 13107 Venelles cedex<\/p>\n\n\n\n<p>Votre demande sera trait\u00e9e dans les meilleurs d\u00e9lais, sous r\u00e9serve de justifier de votre identit\u00e9 en joignant une copie de votre titre officiel d\u2019identit\u00e9 \u00e0 votre e-mail ou courrier.<\/p>\n\n\n\n<h2 class=\"wp-block-heading\">R\u00e9clamations aupr\u00e8s de la Cnil<\/h2>\n\n\n\n<p>Vous pouvez introduire une r\u00e9clamation relative aux traitements de vos donn\u00e9es \u00e0 caract\u00e8re personnel aupr\u00e8s de la Commission Nationale Informatique et Libert\u00e9s (CNIL) \u2013 www.cnil.fr \u2013 3 place de Fontenoy 75007 Paris.<\/p>\n\n\n\n<h2 class=\"wp-block-heading\">Gestion des cookies<\/h2>\n\n\n\n<p>Un cookie est un fichier de taille limit\u00e9e, g\u00e9n\u00e9ralement constitu\u00e9 de lettres et de chiffres, envoy\u00e9 par le serveur internet au fichier cookie du navigateur situ\u00e9 sur le disque dur de votre device.<\/p>\n\n\n\n<h2 class=\"wp-block-heading\">Vos choix concernant les cookies<\/h2>\n\n\n\n<p>Plusieurs possibilit\u00e9s vous sont offertes pour g\u00e9rer les cookies. A noter que tout param\u00e9trage que vous pouvez entreprendre sera susceptible de modifier votre navigation sur Internet et vos conditions d\u2019acc\u00e8s \u00e0 certains services n\u00e9cessitant l\u2019utilisation de cookies. &nbsp;Vous pouvez configurer votre logiciel de navigation de mani\u00e8re \u00e0 ce que des cookies soient enregistr\u00e9s dans votre terminal ou, au contraire, qu\u2019ils soient rejet\u00e9s, soit syst\u00e9matiquement, soit selon leur \u00e9metteur. Vous pouvez \u00e9galement configurer votre logiciel de navigation de mani\u00e8re \u00e0 ce que l\u2019acceptation ou le refus des cookies vous soient propos\u00e9s ponctuellement, avant qu\u2019un cookie soit susceptible d\u2019\u00eatre enregistr\u00e9 dans votre terminal.<\/p>\n\n\n\n<p>Pour acc\u00e9der au site de la CNIL pour en savoir plus sur ce sujet,&nbsp;<a href=\"https:\/\/www.cnil.fr\/fr\/cookies-traceurs-que-dit-la-loi\">cliquez ici<\/a>.<\/p>\n","protected":false},"excerpt":{"rendered":"<p>137\u00a0Notaires s\u2019engage \u00e0 ce que la collecte et le traitement des donn\u00e9es personnelles, effectu\u00e9s \u00e0 partir du site soient conformes au R\u00e8glement G\u00e9n\u00e9ral sur la Protection des Donn\u00e9es (RGPD) et \u00e0 la loi Informatique et Libert\u00e9s. 137 Notaires est susceptible de traiter tout ou partie des donn\u00e9es : Droit d\u2019acc\u00e8s, de rectification et d\u2019opposition :Conform\u00e9ment [&hellip;]<\/p>\n","protected":false},"author":1,"featured_media":0,"parent":0,"menu_order":3,"comment_status":"closed","ping_status":"closed","template":"pages\/privacy.php","meta":{"_acf_changed":false,"footnotes":""},"class_list":["post-1789","page","type-page","status-publish","hentry"],"acf":[],"yoast_head":"<!-- This site is optimized with the Yoast SEO plugin v27.3 - https:\/\/yoast.com\/product\/yoast-seo-wordpress\/ -->\n<title>La politique de confidentialit\u00e9 - 137 notaires<\/title>\n<meta name=\"robots\" content=\"noindex, nofollow\" \/>\n<meta property=\"og:locale\" content=\"en_US\" \/>\n<meta property=\"og:type\" content=\"article\" \/>\n<meta property=\"og:title\" content=\"La politique de confidentialit\u00e9 - 137 notaires\" \/>\n<meta property=\"og:description\" content=\"137\u00a0Notaires s\u2019engage \u00e0 ce que la collecte et le traitement des donn\u00e9es personnelles, effectu\u00e9s \u00e0 partir du site soient conformes au R\u00e8glement G\u00e9n\u00e9ral sur la Protection des Donn\u00e9es (RGPD) et \u00e0 la loi Informatique et Libert\u00e9s. 137 Notaires est susceptible de traiter tout ou partie des donn\u00e9es : Droit d\u2019acc\u00e8s, de rectification et d\u2019opposition :Conform\u00e9ment [&hellip;]\" \/>\n<meta property=\"og:url\" content=\"https:\/\/137notaires.com\/en\/politiques-de-confidentialite\/\" \/>\n<meta property=\"og:site_name\" content=\"137 notaires\" \/>\n<meta property=\"article:modified_time\" content=\"2026-04-20T10:23:30+00:00\" \/>\n<meta name=\"twitter:card\" content=\"summary_large_image\" \/>\n<meta name=\"twitter:label1\" content=\"Est. reading time\" \/>\n\t<meta name=\"twitter:data1\" content=\"3 minutes\" \/>\n<script type=\"application\/ld+json\" class=\"yoast-schema-graph\">{\"@context\":\"https:\\\/\\\/schema.org\",\"@graph\":[{\"@type\":\"WebPage\",\"@id\":\"https:\\\/\\\/137notaires.com\\\/en\\\/politiques-de-confidentialite\\\/\",\"url\":\"https:\\\/\\\/137notaires.com\\\/en\\\/politiques-de-confidentialite\\\/\",\"name\":\"La politique de confidentialit\u00e9 - 137 notaires\",\"isPartOf\":{\"@id\":\"https:\\\/\\\/137notaires.com\\\/#website\"},\"datePublished\":\"2024-03-27T14:06:00+00:00\",\"dateModified\":\"2026-04-20T10:23:30+00:00\",\"breadcrumb\":{\"@id\":\"https:\\\/\\\/137notaires.com\\\/en\\\/politiques-de-confidentialite\\\/#breadcrumb\"},\"inLanguage\":\"en-US\",\"potentialAction\":[{\"@type\":\"ReadAction\",\"target\":[\"https:\\\/\\\/137notaires.com\\\/en\\\/politiques-de-confidentialite\\\/\"]}]},{\"@type\":\"BreadcrumbList\",\"@id\":\"https:\\\/\\\/137notaires.com\\\/en\\\/politiques-de-confidentialite\\\/#breadcrumb\",\"itemListElement\":[{\"@type\":\"ListItem\",\"position\":1,\"name\":\"Accueil\",\"item\":\"https:\\\/\\\/137notaires.com\\\/en\\\/\"},{\"@type\":\"ListItem\",\"position\":2,\"name\":\"La politique de confidentialit\u00e9\"}]},{\"@type\":\"WebSite\",\"@id\":\"https:\\\/\\\/137notaires.com\\\/#website\",\"url\":\"https:\\\/\\\/137notaires.com\\\/\",\"name\":\"137 notaires\",\"description\":\"\",\"potentialAction\":[{\"@type\":\"SearchAction\",\"target\":{\"@type\":\"EntryPoint\",\"urlTemplate\":\"https:\\\/\\\/137notaires.com\\\/?s={search_term_string}\"},\"query-input\":{\"@type\":\"PropertyValueSpecification\",\"valueRequired\":true,\"valueName\":\"search_term_string\"}}],\"inLanguage\":\"en-US\"}]}<\/script>\n<!-- \/ Yoast SEO plugin. -->","yoast_head_json":{"title":"La politique de confidentialit\u00e9 - 137 notaires","robots":{"index":"noindex","follow":"nofollow"},"og_locale":"en_US","og_type":"article","og_title":"La politique de confidentialit\u00e9 - 137 notaires","og_description":"137\u00a0Notaires s\u2019engage \u00e0 ce que la collecte et le traitement des donn\u00e9es personnelles, effectu\u00e9s \u00e0 partir du site soient conformes au R\u00e8glement G\u00e9n\u00e9ral sur la Protection des Donn\u00e9es (RGPD) et \u00e0 la loi Informatique et Libert\u00e9s. 137 Notaires est susceptible de traiter tout ou partie des donn\u00e9es : Droit d\u2019acc\u00e8s, de rectification et d\u2019opposition :Conform\u00e9ment [&hellip;]","og_url":"https:\/\/137notaires.com\/en\/politiques-de-confidentialite\/","og_site_name":"137 notaires","article_modified_time":"2026-04-20T10:23:30+00:00","twitter_card":"summary_large_image","twitter_misc":{"Est. reading time":"3 minutes"},"schema":{"@context":"https:\/\/schema.org","@graph":[{"@type":"WebPage","@id":"https:\/\/137notaires.com\/en\/politiques-de-confidentialite\/","url":"https:\/\/137notaires.com\/en\/politiques-de-confidentialite\/","name":"La politique de confidentialit\u00e9 - 137 notaires","isPartOf":{"@id":"https:\/\/137notaires.com\/#website"},"datePublished":"2024-03-27T14:06:00+00:00","dateModified":"2026-04-20T10:23:30+00:00","breadcrumb":{"@id":"https:\/\/137notaires.com\/en\/politiques-de-confidentialite\/#breadcrumb"},"inLanguage":"en-US","potentialAction":[{"@type":"ReadAction","target":["https:\/\/137notaires.com\/en\/politiques-de-confidentialite\/"]}]},{"@type":"BreadcrumbList","@id":"https:\/\/137notaires.com\/en\/politiques-de-confidentialite\/#breadcrumb","itemListElement":[{"@type":"ListItem","position":1,"name":"Accueil","item":"https:\/\/137notaires.com\/en\/"},{"@type":"ListItem","position":2,"name":"La politique de confidentialit\u00e9"}]},{"@type":"WebSite","@id":"https:\/\/137notaires.com\/#website","url":"https:\/\/137notaires.com\/","name":"137 notaires","description":"","potentialAction":[{"@type":"SearchAction","target":{"@type":"EntryPoint","urlTemplate":"https:\/\/137notaires.com\/?s={search_term_string}"},"query-input":{"@type":"PropertyValueSpecification","valueRequired":true,"valueName":"search_term_string"}}],"inLanguage":"en-US"}]}},"_links":{"self":[{"href":"https:\/\/137notaires.com\/en\/wp-json\/wp\/v2\/pages\/1789","targetHints":{"allow":["GET"]}}],"collection":[{"href":"https:\/\/137notaires.com\/en\/wp-json\/wp\/v2\/pages"}],"about":[{"href":"https:\/\/137notaires.com\/en\/wp-json\/wp\/v2\/types\/page"}],"author":[{"embeddable":true,"href":"https:\/\/137notaires.com\/en\/wp-json\/wp\/v2\/users\/1"}],"replies":[{"embeddable":true,"href":"https:\/\/137notaires.com\/en\/wp-json\/wp\/v2\/comments?post=1789"}],"version-history":[{"count":1,"href":"https:\/\/137notaires.com\/en\/wp-json\/wp\/v2\/pages\/1789\/revisions"}],"predecessor-version":[{"id":3201,"href":"https:\/\/137notaires.com\/en\/wp-json\/wp\/v2\/pages\/1789\/revisions\/3201"}],"wp:attachment":[{"href":"https:\/\/137notaires.com\/en\/wp-json\/wp\/v2\/media?parent=1789"}],"curies":[{"name":"wp","href":"https:\/\/api.w.org\/{rel}","templated":true}]}}